{"id":529,"date":"2018-06-21T09:11:12","date_gmt":"2018-06-21T09:11:12","guid":{"rendered":"http:\/\/molekuleredebiyat.com\/?page_id=529"},"modified":"2018-06-21T09:11:12","modified_gmt":"2018-06-21T09:11:12","slug":"huma-yi-ask-roman","status":"publish","type":"page","link":"https:\/\/molekuleredebiyat.com\/?page_id=529","title":{"rendered":"H\u00dcMA-YI A\u015eK  (ROMAN)"},"content":{"rendered":"<p>Bu \u0131\u015f\u0131k selinin i\u00e7inde, uyan\u0131k m\u0131y\u0131m, uyuyor muyum; uyuyor olsam bu kadar net g\u00f6remem, uyan\u0131k olsam kendimi bu kadar hafif ve u\u00e7uyor gibi hissedemem; acaba \u00f6l\u00fcyor muyum, diye korkuya kap\u0131ld\u0131. Birden g\u00f6ky\u00fcz\u00fcnde ate\u015f kanatlar\u0131 ve k\u0131v\u0131lc\u0131mlar sa\u00e7an kuyru\u011fu ile dev bir ku\u015f g\u00f6r\u00fcnd\u00fc. Ona bakarken korkusu daha da b\u00fcy\u00fcd\u00fc. Neler oluyor, diye ba\u011f\u0131rd\u0131; ancak onu duyan birileri var m\u0131yd\u0131, yok muydu bir t\u00fcrl\u00fc kestiremedi. Bu ate\u015ften kanatlar\u0131 olan ku\u015fu annesi ona anlatm\u0131\u015ft\u0131; huma ku\u015fu, demi\u015fti. \u015eimdi ba\u015f\u0131nda d\u00f6nen bu ku\u015f \u00f6yle korku sal\u0131yordu ki annesinin anlatt\u0131\u011f\u0131 devlet, mutluluk, saadet kelimeleri bombo\u015f kal\u0131yordu. Belki de annesi yanl\u0131\u015f biliyordu; bu ku\u015f biricik o\u011flunu elinden almaya gelmi\u015fti ve belki de dokuz ya\u015f\u0131nda bu d\u00fcnyadan g\u00f6\u00e7menin zaman\u0131 gelmi\u015fti.<\/p>\n<p>Birden g\u00f6\u011f\u00fcn kap\u0131lar\u0131 a\u00e7\u0131l\u0131r gibi oldu, huma ku\u015fu sakin bir eda ile u\u00e7maya ba\u015flad\u0131, gelip Hamza\u2019n\u0131n \u00fczerinde g\u00f6lge etmeyi diledi. Dev ku\u015fun ferahl\u0131k veren g\u00f6lgesi g\u00f6klerin kap\u0131s\u0131 a\u00e7\u0131l\u0131nca daha bir huzur ve mutluluk duygusu sald\u0131 Hamza\u2019n\u0131n kalbine. I\u015f\u0131klar i\u00e7indeki kap\u0131dan az sonra bir kad\u0131n belirdi. Annesi ya\u015f\u0131nda, g\u00fcl\u00fcmseyen, huzur sa\u00e7an bir kad\u0131n. Elinde bir alt\u0131n kase vard\u0131. Kasenin i\u00e7indeki su adeta nurlar sa\u00e7an bir inci gibi parl\u0131yor, susayan dudaklar\u0131 bu suya kavu\u015fmak i\u00e7in yan\u0131p tutu\u015fuyordu.<\/p>\n<p>Bir r\u00fcya bu kadar uzun s\u00fcrer miydi, insan r\u00fcyada kana kana su i\u00e7ebilir miydi, bunlar\u0131n hi\u00e7birini art\u0131k d\u00fc\u015f\u00fcnmemeye karar verdi. Merak ile teslimiyet art\u0131k kalbinde anla\u015fma imzalam\u0131\u015f, birbirlerini kovmuyorlard\u0131. Bir merak kapl\u0131yordu her yeri, bir teslimiyet. Kendisine g\u00fcl\u00fcmseyen ve kaseyi sunan kad\u0131n: \u201cHamza, bu a\u015fk b\u00e2desidir. \u0130l\u00e2h\u00ee a\u015fkt\u0131r. \u0130\u00e7 ve hayat\u0131n\u0131 bir a\u015fk \u00e2leminde ya\u015fa.\u201ddedi. Bembeyaz giysileri i\u00e7inde nurdan bir heykel gibi duran kad\u0131n\u0131n y\u00fcz\u00fcne bakt\u0131, hayat boyu unutmayaca\u011f\u0131 bir y\u00fczd\u00fc bu. Elinden kaseyi ald\u0131, g\u00f6ky\u00fcz\u00fcnde kendisine saye salm\u0131\u015f, itaatkar \u015fekilde bekleyen huma ku\u015funa bakt\u0131. Hi\u00e7 teredd\u00fct etmeden bir yudum i\u00e7ti.<\/p>\n<p>G\u00f6zlerini a\u00e7t\u0131\u011f\u0131nda sabah olmu\u015ftu. \u201cAnne!\u201d diye ba\u011f\u0131rarak kap\u0131ya ko\u015ftu. Annesi d\u0131\u015far\u0131da abdest al\u0131yordu, ona yemek pi\u015firmeye haz\u0131rlan\u0131yordu.<\/p>\n","protected":false},"excerpt":{"rendered":"<p>Bu \u0131\u015f\u0131k selinin i\u00e7inde, uyan\u0131k m\u0131y\u0131m, uyuyor muyum; uyuyor olsam bu kadar net g\u00f6remem, uyan\u0131k olsam kendimi bu kadar hafif ve u\u00e7uyor gibi hissedemem; acaba \u00f6l\u00fcyor muyum, diye korkuya kap\u0131ld\u0131. Birden g\u00f6ky\u00fcz\u00fcnde ate\u015f kanatlar\u0131 ve k\u0131v\u0131lc\u0131mlar sa\u00e7an kuyru\u011fu ile dev &hellip; <a href=\"https:\/\/molekuleredebiyat.com\/?page_id=529\">Okumaya devam et <span class=\"meta-nav\">&rarr;<\/span><\/a><\/p>\n","protected":false},"author":1,"featured_media":0,"parent":0,"menu_order":0,"comment_status":"closed","ping_status":"closed","template":"","meta":{"footnotes":""},"class_list":["post-529","page","type-page","status-publish","hentry"],"_links":{"self":[{"href":"https:\/\/molekuleredebiyat.com\/index.php?rest_route=\/wp\/v2\/pages\/529","targetHints":{"allow":["GET"]}}],"collection":[{"href":"https:\/\/molekuleredebiyat.com\/index.php?rest_route=\/wp\/v2\/pages"}],"about":[{"href":"https:\/\/molekuleredebiyat.com\/index.php?rest_route=\/wp\/v2\/types\/page"}],"author":[{"embeddable":true,"href":"https:\/\/molekuleredebiyat.com\/index.php?rest_route=\/wp\/v2\/users\/1"}],"replies":[{"embeddable":true,"href":"https:\/\/molekuleredebiyat.com\/index.php?rest_route=%2Fwp%2Fv2%2Fcomments&post=529"}],"version-history":[{"count":2,"href":"https:\/\/molekuleredebiyat.com\/index.php?rest_route=\/wp\/v2\/pages\/529\/revisions"}],"predecessor-version":[{"id":742,"href":"https:\/\/molekuleredebiyat.com\/index.php?rest_route=\/wp\/v2\/pages\/529\/revisions\/742"}],"wp:attachment":[{"href":"https:\/\/molekuleredebiyat.com\/index.php?rest_route=%2Fwp%2Fv2%2Fmedia&parent=529"}],"curies":[{"name":"wp","href":"https:\/\/api.w.org\/{rel}","templated":true}]}}