{"id":538,"date":"2018-07-20T09:27:07","date_gmt":"2018-07-20T09:27:07","guid":{"rendered":"http:\/\/molekuleredebiyat.com\/?page_id=538"},"modified":"2018-07-20T09:27:07","modified_gmt":"2018-07-20T09:27:07","slug":"iv-uluslararasi-hamza-nigari-azerbaycan-cumhuriyetinin-kurulusunun-100-yilinda-turkiye-azerbaycan-iliskileri-sempozyumu-tarih-edebiyat-sanat","status":"publish","type":"page","link":"https:\/\/molekuleredebiyat.com\/?page_id=538","title":{"rendered":"IV. ULUSLARARASI HAMZA N\u0130G\u00c2R\u00ce  AZERBAYCAN CUMHUR\u0130YET\u0130N\u0130N KURULU\u015eUNUN 100. YILINDA T\u00dcRK\u0130YE AZERBAYCAN \u0130L\u0130\u015eK\u0130LER\u0130 SEMPOZYUMU  (TAR\u0130H-EDEB\u0130YAT-SANAT)"},"content":{"rendered":"<div class=\"content\">\n<div class=\"post_item post_item_excerpt post_featured_default post_format_standard odd post-470 post type-post status-publish format-standard has-post-thumbnail hentry category-gallery tag-adoption tag-donation\">\n<div class=\"post_content clearfix\">\n<div class=\"post_descr\">\n<div class=\"content\">\n<div class=\"post_item post_item_excerpt post_featured_default post_format_standard odd post-470 post type-post status-publish format-standard has-post-thumbnail hentry category-gallery tag-adoption tag-donation\">\n<div class=\"post_content clearfix\">\n<div class=\"post_descr\">\n<p>http:\/\/hamzanigari4.amasya.edu.tr\/<\/p>\n<p>http:\/\/hamzanigari4.amasya.edu.tr\/<\/p>\n<p>http:\/\/hamzanigari4.amasya.edu.tr\/<\/p>\n<p>&nbsp;<\/p>\n<p>TAR\u0130H: 25-27 EK\u0130M 2018<\/p>\n<p>YER: AMASYA \u00dcN\u0130VERS\u0130TES\u0130 FEN EDEB\u0130YAT FAK\u00dcLTES\u0130\/AMASYA\/T\u00dcRK\u0130YE<\/p>\n<p>&nbsp;<\/p>\n<p>Amasya \u00dcniversitesi, A\u00dcSSAM (Amasya \u00dcniversitesi Sosyal ve Stratejik Ara\u015ft\u0131rmalar Merkezi), M\u0130RAS (M\u0130RAS K\u00fclt\u00fcrel Miras\u0131n Ara\u015ft\u0131r\u0131lmas\u0131na Destek Derne\u011fi), AZERDER(Azerbaycan T\u00fcrkleri K\u00fclt\u00fcr Sanat ve Dayan\u0131\u015fma Derne\u011fi) taraf\u0131ndan Amasya\/T\u00fcrkiye\u2019de d\u00fczenlenen sempozyumumuzun bu y\u0131lki ana ba\u015fl\u0131\u011f\u0131n\u0131 \u201cAzerbaycan Cumhuriyeti\u2019nin Kurulu\u015funun 100. Y\u0131l\u0131nda T\u00fcrkiye-Azerbaycan \u0130li\u015fkileri\u2019ne ay\u0131rm\u0131\u015ft\u0131r. Tarih, Edebiyat ve Sanat konular\u0131nda siz de\u011ferli akademisyenlerin \u00e7al\u0131\u015fmalar\u0131n\u0131 Bilgi \u015e\u00f6lenimizde dinlemek bizleri onurland\u0131racakt\u0131r. Azerbaycan Tarihi, Azerbaycan Edebiyat\u0131, Azerbaycan Sanat\u0131, Azerbaycan T\u00fcrk\u00e7esi, Mir Hamza Nigari\u2019nin Dil ve Uslubu, Tarihte Azerbaycan T\u00fcrkiye \u0130li\u015fkileri, Sanat Alan\u0131nda Azerbaycan T\u00fcrkiye \u0130li\u015fkileri, Azerbaycan\u2019dan T\u00fcrkiye\u2019ye G\u00f6\u00e7ler ve Tarih-Edebiyat-Sanat Alan\u0131nda Etkileri, Mir Hamza Nigari ve Sanat\u0131, \u0130smail \u015eirvani ve Tasavvuf, Amasyal\u0131 Azerbaycan T\u00fcrkleri, Azerbaycan M\u00fczi\u011fi ve T\u00fcrk M\u00fczi\u011fine Etkileri, Tarih-Edebiyat-Sanat Alan\u0131nda Tan\u0131nm\u0131\u015f Ortak \u015eahsiyetler, T\u00fcrkiye Azerbaycan \u0130li\u015fkileri alt ba\u015fl\u0131klar\u0131 ile 25-27 Ekim 2018 tarihinde Amasya\u2019da bulu\u015fmay\u0131 ve Azerbaycan Cumhuriyeti\u2019nin kurulu\u015funun 100. y\u0131l\u0131n\u0131 birlikte kutlamay\u0131 umuyoruz.<\/p>\n<p>.<\/p>\n<div class=\"_39k5 _5s6c\">\n<div class=\"_2cuy _3dgx _2vxa\">Web:\u00a0<a href=\"https:\/\/l.facebook.com\/l.php?u=http%3A%2F%2Fwww.miras.az%2F&amp;h=ATNLTY90pqgI5erPk3Q4OGEvwPf9oY94KJVgGs3D5GrqpWwzjgDP2fmctMp5wxzwaaIm1BpxzlMJmlfvqZ8jTZYl7adgnqm7vbTtdgozvoR84Ys8PVwaHBfbCR9zRxEMr1Un&amp;s=1\" target=\"_blank\" rel=\"nofollow\">www.miras.az<\/a><\/div>\n<div class=\"_2cuy _3dgx _2vxa\">E-mail: hamzanigari@gmail.com<\/div>\n<div class=\"_2cuy _3dgx _2vxa\">Address: Amasya \u00dcniversitesi \u0130pekk\u00f6y Yerle\u015fkesi, \u0130PEKK\u00d6Y\/ AMASYA\/ T\u00dcRK\u0130YE<\/div>\n<div class=\"_2cuy _3dgx _2vxa\">Asst. Assoc. Dr. Metin HAKVERD\u0130O\u011eLU: 0 (358) 242 1613 (4708)<\/div>\n<div class=\"_2cuy _3dgx _2vxa\">Asst. Assoc. Dr. Fariz KHALILLI: 00994508764043<\/div>\n<\/div>\n<\/div>\n<\/div>\n<\/div>\n<\/div>\n<\/div>\n<\/div>\n<\/div>\n<\/div>\n<div class=\"sidebar widget_area scheme_original\">\n<div class=\"sidebar_inner widget_area_inner\">\n<\/div>\n<\/div>\n","protected":false},"excerpt":{"rendered":"<p>http:\/\/hamzanigari4.amasya.edu.tr\/ http:\/\/hamzanigari4.amasya.edu.tr\/ http:\/\/hamzanigari4.amasya.edu.tr\/ &nbsp; TAR\u0130H: 25-27 EK\u0130M 2018 YER: AMASYA \u00dcN\u0130VERS\u0130TES\u0130 FEN EDEB\u0130YAT FAK\u00dcLTES\u0130\/AMASYA\/T\u00dcRK\u0130YE &nbsp; Amasya \u00dcniversitesi, A\u00dcSSAM (Amasya \u00dcniversitesi Sosyal ve Stratejik Ara\u015ft\u0131rmalar Merkezi), M\u0130RAS (M\u0130RAS K\u00fclt\u00fcrel Miras\u0131n Ara\u015ft\u0131r\u0131lmas\u0131na Destek Derne\u011fi), AZERDER(Azerbaycan T\u00fcrkleri K\u00fclt\u00fcr Sanat ve Dayan\u0131\u015fma Derne\u011fi) taraf\u0131ndan &hellip; <a href=\"https:\/\/molekuleredebiyat.com\/?page_id=538\">Okumaya devam et <span class=\"meta-nav\">&rarr;<\/span><\/a><\/p>\n","protected":false},"author":1,"featured_media":0,"parent":0,"menu_order":0,"comment_status":"closed","ping_status":"closed","template":"","meta":{"footnotes":""},"class_list":["post-538","page","type-page","status-publish","hentry"],"_links":{"self":[{"href":"https:\/\/molekuleredebiyat.com\/index.php?rest_route=\/wp\/v2\/pages\/538","targetHints":{"allow":["GET"]}}],"collection":[{"href":"https:\/\/molekuleredebiyat.com\/index.php?rest_route=\/wp\/v2\/pages"}],"about":[{"href":"https:\/\/molekuleredebiyat.com\/index.php?rest_route=\/wp\/v2\/types\/page"}],"author":[{"embeddable":true,"href":"https:\/\/molekuleredebiyat.com\/index.php?rest_route=\/wp\/v2\/users\/1"}],"replies":[{"embeddable":true,"href":"https:\/\/molekuleredebiyat.com\/index.php?rest_route=%2Fwp%2Fv2%2Fcomments&post=538"}],"version-history":[{"count":1,"href":"https:\/\/molekuleredebiyat.com\/index.php?rest_route=\/wp\/v2\/pages\/538\/revisions"}],"predecessor-version":[{"id":539,"href":"https:\/\/molekuleredebiyat.com\/index.php?rest_route=\/wp\/v2\/pages\/538\/revisions\/539"}],"wp:attachment":[{"href":"https:\/\/molekuleredebiyat.com\/index.php?rest_route=%2Fwp%2Fv2%2Fmedia&parent=538"}],"curies":[{"name":"wp","href":"https:\/\/api.w.org\/{rel}","templated":true}]}}