{"id":871,"date":"2023-01-12T12:06:03","date_gmt":"2023-01-12T12:06:03","guid":{"rendered":"https:\/\/molekuleredebiyat.com\/?page_id=871"},"modified":"2023-01-12T12:06:03","modified_gmt":"2023-01-12T12:06:03","slug":"mehmet-hopal-gideceksin-siiri","status":"publish","type":"page","link":"https:\/\/molekuleredebiyat.com\/?page_id=871","title":{"rendered":"MEHMET HOPAL G\u0130DECEKS\u0130N \u015e\u0130\u0130R\u0130"},"content":{"rendered":"<p>https:\/\/www.antoloji.com\/gideceksin-biliyorum-6-siiri\/<\/p>\n<p>BU L\u0130NKTEN ALINAB\u0130L\u0130R<\/p>\n","protected":false},"excerpt":{"rendered":"<p>https:\/\/www.antoloji.com\/gideceksin-biliyorum-6-siiri\/ BU L\u0130NKTEN ALINAB\u0130L\u0130R<\/p>\n","protected":false},"author":1,"featured_media":0,"parent":0,"menu_order":0,"comment_status":"closed","ping_status":"closed","template":"","meta":{"footnotes":""},"class_list":["post-871","page","type-page","status-publish","hentry"],"_links":{"self":[{"href":"https:\/\/molekuleredebiyat.com\/index.php?rest_route=\/wp\/v2\/pages\/871","targetHints":{"allow":["GET"]}}],"collection":[{"href":"https:\/\/molekuleredebiyat.com\/index.php?rest_route=\/wp\/v2\/pages"}],"about":[{"href":"https:\/\/molekuleredebiyat.com\/index.php?rest_route=\/wp\/v2\/types\/page"}],"author":[{"embeddable":true,"href":"https:\/\/molekuleredebiyat.com\/index.php?rest_route=\/wp\/v2\/users\/1"}],"replies":[{"embeddable":true,"href":"https:\/\/molekuleredebiyat.com\/index.php?rest_route=%2Fwp%2Fv2%2Fcomments&post=871"}],"version-history":[{"count":1,"href":"https:\/\/molekuleredebiyat.com\/index.php?rest_route=\/wp\/v2\/pages\/871\/revisions"}],"predecessor-version":[{"id":872,"href":"https:\/\/molekuleredebiyat.com\/index.php?rest_route=\/wp\/v2\/pages\/871\/revisions\/872"}],"wp:attachment":[{"href":"https:\/\/molekuleredebiyat.com\/index.php?rest_route=%2Fwp%2Fv2%2Fmedia&parent=871"}],"curies":[{"name":"wp","href":"https:\/\/api.w.org\/{rel}","templated":true}]}}